{"id":14,"date":"2019-12-12T21:56:05","date_gmt":"2019-12-12T20:56:05","guid":{"rendered":"https:\/\/aniali.fr\/lamaisonbleue\/?page_id=14"},"modified":"2025-07-08T10:01:09","modified_gmt":"2025-07-08T08:01:09","slug":"accueil","status":"publish","type":"page","link":"https:\/\/aniali.fr\/lamaisonbleue\/","title":{"rendered":"Accueil"},"content":{"rendered":"\t\t<div data-elementor-type=\"wp-page\" data-elementor-id=\"14\" class=\"elementor elementor-14\" data-elementor-post-type=\"page\">\n\t\t\t\t\t\t<section class=\"elementor-section elementor-top-section elementor-element elementor-element-22f0acaf elementor-section-boxed elementor-section-height-default elementor-section-height-default\" data-id=\"22f0acaf\" data-element_type=\"section\" data-e-type=\"section\">\n\t\t\t\t\t\t<div class=\"elementor-container elementor-column-gap-default\">\n\t\t\t\t\t<div class=\"elementor-column elementor-col-100 elementor-top-column elementor-element elementor-element-1580b321\" data-id=\"1580b321\" data-element_type=\"column\" data-e-type=\"column\">\n\t\t\t<div class=\"elementor-widget-wrap elementor-element-populated\">\n\t\t\t\t\t\t<div class=\"elementor-element elementor-element-f2afbc8 animated-slow elementor-invisible elementor-widget elementor-widget-heading\" data-id=\"f2afbc8\" data-element_type=\"widget\" data-e-type=\"widget\" data-settings=\"{&quot;_animation&quot;:&quot;fadeIn&quot;}\" data-widget_type=\"heading.default\">\n\t\t\t\t<div class=\"elementor-widget-container\">\n\t\t\t\t\t<h2 class=\"elementor-heading-title elementor-size-default\">Bienvenue dans<strong> <i><span style=\"text-decoration: underline\">la maison bleue<\/span><\/i><\/strong><\/h2>\t\t\t\t<\/div>\n\t\t\t\t<\/div>\n\t\t\t\t<div class=\"elementor-element elementor-element-48691fab elementor-widget elementor-widget-text-editor\" data-id=\"48691fab\" data-element_type=\"widget\" data-e-type=\"widget\" data-widget_type=\"text-editor.default\">\n\t\t\t\t<div class=\"elementor-widget-container\">\n\t\t\t\t\t\t\t\t\t<p>\u00a0Notre grande maison de village situ\u00e9e au coeur du Luberon en Provence. Vous y profiterez d&rsquo;un espace clos <strong><span style=\"text-decoration: underline;\">avec piscine<\/span><\/strong> en saison, une terrasse ext\u00e9rieure, <span style=\"text-decoration: underline;\"><strong>5 chambres<\/strong><\/span>, <span style=\"text-decoration: underline;\"><strong>2 salons<\/strong><\/span>, 1 salle de bain, 1 salle d&rsquo;eau (acc\u00e8s par l&rsquo;ex\u00e9terieur), <span style=\"text-decoration: underline;\"><strong>une grande salle de jeux<\/strong><\/span> couverte avec ping-pong, trampoline et quelques jeux. Notre maison est un point de d\u00e9part id\u00e9al pour les randonn\u00e9es \u00e0 pied, ou \u00e0 v\u00e9lo, pour les visites de notre r\u00e9gion (villages class\u00e9s, Colorado de Rustrel, march\u00e9s de village hebdomadaires tout le long de l&rsquo;ann\u00e9e).<\/p>\n<p><!-- \/wp:quote --><\/p>\n<p><!-- wp:hbook\/booking-form \/--><\/p>\n<p><!-- wp:paragraph --><\/p>\n<p><!-- \/wp:paragraph --><\/p>\t\t\t\t\t\t\t\t<\/div>\n\t\t\t\t<\/div>\n\t\t\t\t<section class=\"elementor-section elementor-inner-section elementor-element elementor-element-106483b elementor-section-boxed elementor-section-height-default elementor-section-height-default\" data-id=\"106483b\" data-element_type=\"section\" data-e-type=\"section\">\n\t\t\t\t\t\t<div class=\"elementor-container elementor-column-gap-default\">\n\t\t\t\t\t<div class=\"elementor-column elementor-col-50 elementor-inner-column elementor-element elementor-element-ae5b6a8\" data-id=\"ae5b6a8\" data-element_type=\"column\" data-e-type=\"column\">\n\t\t\t<div class=\"elementor-widget-wrap elementor-element-populated\">\n\t\t\t\t\t\t<div class=\"elementor-element elementor-element-27a671b animated-slow elementor-invisible elementor-widget elementor-widget-image\" data-id=\"27a671b\" data-element_type=\"widget\" data-e-type=\"widget\" data-settings=\"{&quot;_animation&quot;:&quot;fadeIn&quot;,&quot;_animation_delay&quot;:300}\" data-widget_type=\"image.default\">\n\t\t\t\t<div class=\"elementor-widget-container\">\n\t\t\t\t\t\t\t\t\t\t\t\t\t\t\t<img fetchpriority=\"high\" decoding=\"async\" width=\"525\" height=\"394\" src=\"https:\/\/aniali.fr\/lamaisonbleue\/wp-content\/uploads\/2019\/12\/IMG_20180512_163630-1024x768.png\" class=\"elementor-animation-bob attachment-large size-large wp-image-50\" alt=\"\" srcset=\"https:\/\/aniali.fr\/lamaisonbleue\/wp-content\/uploads\/2019\/12\/IMG_20180512_163630-1024x768.png 1024w, https:\/\/aniali.fr\/lamaisonbleue\/wp-content\/uploads\/2019\/12\/IMG_20180512_163630-300x225.png 300w, https:\/\/aniali.fr\/lamaisonbleue\/wp-content\/uploads\/2019\/12\/IMG_20180512_163630-768x576.png 768w, https:\/\/aniali.fr\/lamaisonbleue\/wp-content\/uploads\/2019\/12\/IMG_20180512_163630.png 1280w\" sizes=\"100vw\" \/>\t\t\t\t\t\t\t\t\t\t\t\t\t\t\t<\/div>\n\t\t\t\t<\/div>\n\t\t\t\t\t<\/div>\n\t\t<\/div>\n\t\t\t\t<div class=\"elementor-column elementor-col-50 elementor-inner-column elementor-element elementor-element-7951269\" data-id=\"7951269\" data-element_type=\"column\" data-e-type=\"column\">\n\t\t\t<div class=\"elementor-widget-wrap elementor-element-populated\">\n\t\t\t\t\t\t<div class=\"elementor-element elementor-element-ec0869c animated-slow elementor-invisible elementor-widget elementor-widget-image\" data-id=\"ec0869c\" data-element_type=\"widget\" data-e-type=\"widget\" data-settings=\"{&quot;_animation&quot;:&quot;fadeIn&quot;,&quot;_animation_delay&quot;:300}\" data-widget_type=\"image.default\">\n\t\t\t\t<div class=\"elementor-widget-container\">\n\t\t\t\t\t\t\t\t\t\t\t\t\t\t\t<img decoding=\"async\" width=\"525\" height=\"394\" src=\"https:\/\/aniali.fr\/lamaisonbleue\/wp-content\/uploads\/2019\/12\/photo_2018-06-07_15-46-14-1-1024x768.jpg\" class=\"attachment-large size-large wp-image-175\" alt=\"\" srcset=\"https:\/\/aniali.fr\/lamaisonbleue\/wp-content\/uploads\/2019\/12\/photo_2018-06-07_15-46-14-1-1024x768.jpg 1024w, https:\/\/aniali.fr\/lamaisonbleue\/wp-content\/uploads\/2019\/12\/photo_2018-06-07_15-46-14-1-300x225.jpg 300w, https:\/\/aniali.fr\/lamaisonbleue\/wp-content\/uploads\/2019\/12\/photo_2018-06-07_15-46-14-1-768x576.jpg 768w, https:\/\/aniali.fr\/lamaisonbleue\/wp-content\/uploads\/2019\/12\/photo_2018-06-07_15-46-14-1.jpg 1280w\" sizes=\"100vw\" \/>\t\t\t\t\t\t\t\t\t\t\t\t\t\t\t<\/div>\n\t\t\t\t<\/div>\n\t\t\t\t\t<\/div>\n\t\t<\/div>\n\t\t\t\t\t<\/div>\n\t\t<\/section>\n\t\t\t\t<div class=\"elementor-element elementor-element-6785c41 elementor-invisible elementor-widget elementor-widget-text-editor\" data-id=\"6785c41\" data-element_type=\"widget\" data-e-type=\"widget\" data-settings=\"{&quot;_animation&quot;:&quot;fadeIn&quot;}\" data-widget_type=\"text-editor.default\">\n\t\t\t\t<div class=\"elementor-widget-container\">\n\t\t\t\t\t\t\t\t\t<h2><strong>Acc\u00e8s des visiteurs<\/strong><\/h2>\n<p>Vous aurez acc\u00e8s \u00e0 la maison enti\u00e8re, les 5 chambres, la salle de bain, la salle d&rsquo;eau (acc\u00e8s par le jardin), la salle de jeux, la v\u00e9randa, les deux salons, la cuisine, le garage (pouvant accueillir une grande voiture type Van), l&rsquo;espace clos ext\u00e9rieur avec sa piscine. (seules 2 pi\u00e8ces dans lesquelles nous gardons quelques affaires personnelles sont priv\u00e9es).<\/p>\t\t\t\t\t\t\t\t<\/div>\n\t\t\t\t<\/div>\n\t\t\t\t\t<\/div>\n\t\t<\/div>\n\t\t\t\t\t<\/div>\n\t\t<\/section>\n\t\t\t\t<\/div>\n\t\t","protected":false},"excerpt":{"rendered":"<p>Bienvenue dans la maison bleue \u00a0Notre grande maison de village situ\u00e9e au coeur du Luberon en Provence. Vous y profiterez d&rsquo;un espace clos avec piscine en saison, une terrasse ext\u00e9rieure, 5 chambres, 2 salons, 1 salle de bain, 1 salle d&rsquo;eau (acc\u00e8s par l&rsquo;ex\u00e9terieur), une grande salle de jeux couverte avec ping-pong, trampoline et quelques &hellip; <\/p>\n<p class=\"link-more\"><a href=\"https:\/\/aniali.fr\/lamaisonbleue\/\" class=\"more-link\">Continuer la lecture<span class=\"screen-reader-text\"> de &laquo;&nbsp;Accueil&nbsp;&raquo;<\/span><\/a><\/p>\n","protected":false},"author":1,"featured_media":0,"parent":0,"menu_order":0,"comment_status":"closed","ping_status":"closed","template":"","meta":{"footnotes":""},"class_list":["post-14","page","type-page","status-publish","hentry"],"jetpack_sharing_enabled":true,"_links":{"self":[{"href":"https:\/\/aniali.fr\/lamaisonbleue\/wp-json\/wp\/v2\/pages\/14","targetHints":{"allow":["GET"]}}],"collection":[{"href":"https:\/\/aniali.fr\/lamaisonbleue\/wp-json\/wp\/v2\/pages"}],"about":[{"href":"https:\/\/aniali.fr\/lamaisonbleue\/wp-json\/wp\/v2\/types\/page"}],"author":[{"embeddable":true,"href":"https:\/\/aniali.fr\/lamaisonbleue\/wp-json\/wp\/v2\/users\/1"}],"replies":[{"embeddable":true,"href":"https:\/\/aniali.fr\/lamaisonbleue\/wp-json\/wp\/v2\/comments?post=14"}],"version-history":[{"count":19,"href":"https:\/\/aniali.fr\/lamaisonbleue\/wp-json\/wp\/v2\/pages\/14\/revisions"}],"predecessor-version":[{"id":394,"href":"https:\/\/aniali.fr\/lamaisonbleue\/wp-json\/wp\/v2\/pages\/14\/revisions\/394"}],"wp:attachment":[{"href":"https:\/\/aniali.fr\/lamaisonbleue\/wp-json\/wp\/v2\/media?parent=14"}],"curies":[{"name":"wp","href":"https:\/\/api.w.org\/{rel}","templated":true}]}}