{"id":15,"date":"2019-12-12T21:56:05","date_gmt":"2019-12-12T20:56:05","guid":{"rendered":"https:\/\/aniali.fr\/lamaisonbleue\/?page_id=15"},"modified":"2025-07-08T10:05:00","modified_gmt":"2025-07-08T08:05:00","slug":"a-propos-de","status":"publish","type":"page","link":"https:\/\/aniali.fr\/lamaisonbleue\/a-propos-de\/","title":{"rendered":"\u00c0 propos de"},"content":{"rendered":"\n<p><strong>Dans notre \u00ab\u00a0maison bleue\u00a0\u00bb, vous trouverez :<\/strong><\/p>\n\n\n\n<div class=\"wp-block-columns is-layout-flex wp-container-core-columns-is-layout-9d6595d7 wp-block-columns-is-layout-flex\">\n<div class=\"wp-block-column is-layout-flow wp-block-column-is-layout-flow\">\n<div class=\"wp-block-media-text alignwide is-stacked-on-mobile\" style=\"grid-template-columns:31% auto\"><figure class=\"wp-block-media-text__media\"><img fetchpriority=\"high\" decoding=\"async\" width=\"256\" height=\"256\" src=\"https:\/\/aniali.fr\/lamaisonbleue\/wp-content\/uploads\/2019\/12\/HOTEL-SERVICES-Black-08.png\" alt=\"\" class=\"wp-image-218 size-full\" srcset=\"https:\/\/aniali.fr\/lamaisonbleue\/wp-content\/uploads\/2019\/12\/HOTEL-SERVICES-Black-08.png 256w, https:\/\/aniali.fr\/lamaisonbleue\/wp-content\/uploads\/2019\/12\/HOTEL-SERVICES-Black-08-150x150.png 150w, https:\/\/aniali.fr\/lamaisonbleue\/wp-content\/uploads\/2019\/12\/HOTEL-SERVICES-Black-08-100x100.png 100w\" sizes=\"(max-width: 256px) 100vw, 256px\" \/><\/figure><div class=\"wp-block-media-text__content\">\n<p class=\"has-small-font-size\">Id\u00e9al pour les familles, avec de l&rsquo;espace pour chacun, et de grandes chambres.<\/p>\n<\/div><\/div>\n\n\n\n<div class=\"wp-block-media-text alignwide is-stacked-on-mobile\" style=\"grid-template-columns:33% auto\"><figure class=\"wp-block-media-text__media\"><img decoding=\"async\" width=\"256\" height=\"256\" src=\"https:\/\/aniali.fr\/lamaisonbleue\/wp-content\/uploads\/2019\/12\/HOTEL-SERVICES-Black-18.png\" alt=\"\" class=\"wp-image-214 size-full\" srcset=\"https:\/\/aniali.fr\/lamaisonbleue\/wp-content\/uploads\/2019\/12\/HOTEL-SERVICES-Black-18.png 256w, https:\/\/aniali.fr\/lamaisonbleue\/wp-content\/uploads\/2019\/12\/HOTEL-SERVICES-Black-18-150x150.png 150w, https:\/\/aniali.fr\/lamaisonbleue\/wp-content\/uploads\/2019\/12\/HOTEL-SERVICES-Black-18-100x100.png 100w\" sizes=\"(max-width: 256px) 100vw, 256px\" \/><\/figure><div class=\"wp-block-media-text__content\">\n<p class=\"has-small-font-size\">Wifi Gratuit, et un ordinateur de bureau \u00e0 disposition.<\/p>\n<\/div><\/div>\n\n\n\n<div class=\"wp-block-media-text alignwide is-stacked-on-mobile\" style=\"grid-template-columns:31% auto\"><figure class=\"wp-block-media-text__media\"><img decoding=\"async\" width=\"256\" height=\"256\" src=\"https:\/\/aniali.fr\/lamaisonbleue\/wp-content\/uploads\/2019\/12\/HOTEL-SERVICES-Black-28.png\" alt=\"\" class=\"wp-image-208 size-full\" srcset=\"https:\/\/aniali.fr\/lamaisonbleue\/wp-content\/uploads\/2019\/12\/HOTEL-SERVICES-Black-28.png 256w, https:\/\/aniali.fr\/lamaisonbleue\/wp-content\/uploads\/2019\/12\/HOTEL-SERVICES-Black-28-150x150.png 150w, https:\/\/aniali.fr\/lamaisonbleue\/wp-content\/uploads\/2019\/12\/HOTEL-SERVICES-Black-28-100x100.png 100w\" sizes=\"(max-width: 256px) 100vw, 256px\" \/><\/figure><div class=\"wp-block-media-text__content\">\n<p class=\"has-small-font-size\">3 TV \u00e9quip\u00e9es de Chromecast permettant l&rsquo;acc\u00e8s aux plateforme VOD et cha\u00eenes nationales et internationales<\/p>\n<\/div><\/div>\n\n\n\n<div class=\"wp-block-media-text alignwide is-stacked-on-mobile\" style=\"grid-template-columns:31% auto\"><figure class=\"wp-block-media-text__media\"><img loading=\"lazy\" decoding=\"async\" width=\"256\" height=\"256\" src=\"https:\/\/aniali.fr\/lamaisonbleue\/wp-content\/uploads\/2019\/12\/HOTEL-SERVICES-Black-21.png\" alt=\"\" class=\"wp-image-212 size-full\" srcset=\"https:\/\/aniali.fr\/lamaisonbleue\/wp-content\/uploads\/2019\/12\/HOTEL-SERVICES-Black-21.png 256w, https:\/\/aniali.fr\/lamaisonbleue\/wp-content\/uploads\/2019\/12\/HOTEL-SERVICES-Black-21-150x150.png 150w, https:\/\/aniali.fr\/lamaisonbleue\/wp-content\/uploads\/2019\/12\/HOTEL-SERVICES-Black-21-100x100.png 100w\" sizes=\"(max-width: 256px) 100vw, 256px\" \/><\/figure><div class=\"wp-block-media-text__content\">\n<p class=\"has-small-font-size\">Salles de Jeux avec Rameur, V\u00e9lo d&rsquo;int\u00e9rieur, jeux de fl\u00e9chettes*, Trampoline, ping-pong, PS3&#8230;<\/p>\n<\/div><\/div>\n\n\n\n<div class=\"wp-block-media-text alignwide is-stacked-on-mobile\" style=\"grid-template-columns:31% auto\"><figure class=\"wp-block-media-text__media\"><img loading=\"lazy\" decoding=\"async\" width=\"256\" height=\"256\" src=\"https:\/\/aniali.fr\/lamaisonbleue\/wp-content\/uploads\/2019\/12\/HOTEL-SERVICES-Black-17.png\" alt=\"\" class=\"wp-image-215 size-full\" srcset=\"https:\/\/aniali.fr\/lamaisonbleue\/wp-content\/uploads\/2019\/12\/HOTEL-SERVICES-Black-17.png 256w, https:\/\/aniali.fr\/lamaisonbleue\/wp-content\/uploads\/2019\/12\/HOTEL-SERVICES-Black-17-150x150.png 150w, https:\/\/aniali.fr\/lamaisonbleue\/wp-content\/uploads\/2019\/12\/HOTEL-SERVICES-Black-17-100x100.png 100w\" sizes=\"(max-width: 256px) 100vw, 256px\" \/><\/figure><div class=\"wp-block-media-text__content\">\n<p class=\"has-small-font-size\">Pour le confort de tous, la politique de la maison est non-fumeur<\/p>\n<\/div><\/div>\n<\/div>\n\n\n\n<div class=\"wp-block-column is-layout-flow wp-block-column-is-layout-flow\">\n<div class=\"wp-block-media-text alignwide is-stacked-on-mobile\" style=\"grid-template-columns:32% auto\"><figure class=\"wp-block-media-text__media\"><img loading=\"lazy\" decoding=\"async\" width=\"256\" height=\"256\" src=\"https:\/\/aniali.fr\/lamaisonbleue\/wp-content\/uploads\/2019\/12\/HOTEL-SERVICES-Black-04.png\" alt=\"\" class=\"wp-image-219 size-full\" srcset=\"https:\/\/aniali.fr\/lamaisonbleue\/wp-content\/uploads\/2019\/12\/HOTEL-SERVICES-Black-04.png 256w, https:\/\/aniali.fr\/lamaisonbleue\/wp-content\/uploads\/2019\/12\/HOTEL-SERVICES-Black-04-150x150.png 150w, https:\/\/aniali.fr\/lamaisonbleue\/wp-content\/uploads\/2019\/12\/HOTEL-SERVICES-Black-04-100x100.png 100w\" sizes=\"(max-width: 256px) 100vw, 256px\" \/><\/figure><div class=\"wp-block-media-text__content\">\n<p class=\"has-small-font-size\">Lits Queen Size dans quatre chambres pour plus de confort!<\/p>\n<\/div><\/div>\n\n\n\n<div class=\"wp-block-media-text alignwide is-stacked-on-mobile\" style=\"grid-template-columns:34% auto\"><figure class=\"wp-block-media-text__media\"><img loading=\"lazy\" decoding=\"async\" width=\"256\" height=\"256\" src=\"https:\/\/aniali.fr\/lamaisonbleue\/wp-content\/uploads\/2019\/12\/HOTEL-SERVICES-Black-11.png\" alt=\"\" class=\"wp-image-217 size-full\" srcset=\"https:\/\/aniali.fr\/lamaisonbleue\/wp-content\/uploads\/2019\/12\/HOTEL-SERVICES-Black-11.png 256w, https:\/\/aniali.fr\/lamaisonbleue\/wp-content\/uploads\/2019\/12\/HOTEL-SERVICES-Black-11-150x150.png 150w, https:\/\/aniali.fr\/lamaisonbleue\/wp-content\/uploads\/2019\/12\/HOTEL-SERVICES-Black-11-100x100.png 100w\" sizes=\"(max-width: 256px) 100vw, 256px\" \/><\/figure><div class=\"wp-block-media-text__content\">\n<p class=\"has-small-font-size\">1 place de parking ferm\u00e9e (assez grande pour un v\u00e9hicule type van)<\/p>\n<\/div><\/div>\n\n\n\n<div class=\"wp-block-media-text alignwide is-stacked-on-mobile\" style=\"grid-template-columns:31% auto\"><figure class=\"wp-block-media-text__media\"><img loading=\"lazy\" decoding=\"async\" width=\"256\" height=\"256\" src=\"https:\/\/aniali.fr\/lamaisonbleue\/wp-content\/uploads\/2019\/12\/HOTEL-SERVICES-Black-26.png\" alt=\"\" class=\"wp-image-210 size-full\" srcset=\"https:\/\/aniali.fr\/lamaisonbleue\/wp-content\/uploads\/2019\/12\/HOTEL-SERVICES-Black-26.png 256w, https:\/\/aniali.fr\/lamaisonbleue\/wp-content\/uploads\/2019\/12\/HOTEL-SERVICES-Black-26-150x150.png 150w, https:\/\/aniali.fr\/lamaisonbleue\/wp-content\/uploads\/2019\/12\/HOTEL-SERVICES-Black-26-100x100.png 100w\" sizes=\"(max-width: 256px) 100vw, 256px\" \/><\/figure><div class=\"wp-block-media-text__content\">\n<p class=\"has-small-font-size\">Une baignoire dans la salle de bain principale, et une douche dans la salle d&rsquo;eau secondaire (acc\u00e8s par le jardin)<\/p>\n<\/div><\/div>\n\n\n\n<div class=\"wp-block-media-text alignwide is-stacked-on-mobile\" style=\"grid-template-columns:31% auto\"><figure class=\"wp-block-media-text__media\"><img loading=\"lazy\" decoding=\"async\" width=\"256\" height=\"256\" src=\"https:\/\/aniali.fr\/lamaisonbleue\/wp-content\/uploads\/2019\/12\/HEALTHCARE-AND-MEDICINE-Black-02.png\" alt=\"\" class=\"wp-image-220 size-full\" srcset=\"https:\/\/aniali.fr\/lamaisonbleue\/wp-content\/uploads\/2019\/12\/HEALTHCARE-AND-MEDICINE-Black-02.png 256w, https:\/\/aniali.fr\/lamaisonbleue\/wp-content\/uploads\/2019\/12\/HEALTHCARE-AND-MEDICINE-Black-02-150x150.png 150w, https:\/\/aniali.fr\/lamaisonbleue\/wp-content\/uploads\/2019\/12\/HEALTHCARE-AND-MEDICINE-Black-02-100x100.png 100w\" sizes=\"(max-width: 256px) 100vw, 256px\" \/><\/figure><div class=\"wp-block-media-text__content\">\n<p class=\"has-small-font-size\">Docteur, Infirmi\u00e8re, Dentiste, Kine, et pleins d&rsquo;autres services dans notre beau village de C\u00e9reste.<\/p>\n<\/div><\/div>\n\n\n\n<div class=\"wp-block-media-text alignwide is-stacked-on-mobile\" style=\"grid-template-columns:31% auto\"><figure class=\"wp-block-media-text__media\"><img loading=\"lazy\" decoding=\"async\" width=\"256\" height=\"256\" src=\"https:\/\/aniali.fr\/lamaisonbleue\/wp-content\/uploads\/2019\/12\/HOTEL-SERVICES-Black-20.png\" alt=\"\" class=\"wp-image-213 size-full\" srcset=\"https:\/\/aniali.fr\/lamaisonbleue\/wp-content\/uploads\/2019\/12\/HOTEL-SERVICES-Black-20.png 256w, https:\/\/aniali.fr\/lamaisonbleue\/wp-content\/uploads\/2019\/12\/HOTEL-SERVICES-Black-20-150x150.png 150w, https:\/\/aniali.fr\/lamaisonbleue\/wp-content\/uploads\/2019\/12\/HOTEL-SERVICES-Black-20-100x100.png 100w\" sizes=\"(max-width: 256px) 100vw, 256px\" \/><\/figure><div class=\"wp-block-media-text__content\">\n<p class=\"has-small-font-size\">Piscine disponible pour la baignade en saison Juillet-Ao\u00fbt (un peu plus si le temps le permet) &#8211; S\u00e9curis\u00e9e par Alarme<\/p>\n<\/div><\/div>\n\n\n\n<p><!--EndFragment--><\/p>\n<\/div>\n<\/div>\n\n\n\n<p>La liste n&rsquo;est pas exhaustive, n&rsquo;h\u00e9sitez pas \u00e0 nous consulter!<\/p>\n\n\n\n<p class=\"has-small-font-size\"><em>*Pour le jeux des fl\u00e9chettes, une d\u00e9charge de responsabilit\u00e9 pour la s\u00e9curit\u00e9 de vos enfants vous sera demand\u00e9e par mail.<\/em><\/p>\n","protected":false},"excerpt":{"rendered":"<p>Dans notre \u00ab\u00a0maison bleue\u00a0\u00bb, vous trouverez : Id\u00e9al pour les familles, avec de l&rsquo;espace pour chacun, et de grandes chambres. Wifi Gratuit, et un ordinateur de bureau \u00e0 disposition. 3 TV \u00e9quip\u00e9es de Chromecast permettant l&rsquo;acc\u00e8s aux plateforme VOD et cha\u00eenes nationales et internationales Salles de Jeux avec Rameur, V\u00e9lo d&rsquo;int\u00e9rieur, jeux de fl\u00e9chettes*, Trampoline, &hellip; <\/p>\n<p class=\"link-more\"><a href=\"https:\/\/aniali.fr\/lamaisonbleue\/a-propos-de\/\" class=\"more-link\">Continuer la lecture<span class=\"screen-reader-text\"> de &laquo;&nbsp;\u00c0 propos de&nbsp;&raquo;<\/span><\/a><\/p>\n","protected":false},"author":1,"featured_media":78,"parent":0,"menu_order":0,"comment_status":"closed","ping_status":"closed","template":"","meta":{"footnotes":""},"class_list":["post-15","page","type-page","status-publish","has-post-thumbnail","hentry"],"jetpack_sharing_enabled":true,"_links":{"self":[{"href":"https:\/\/aniali.fr\/lamaisonbleue\/wp-json\/wp\/v2\/pages\/15","targetHints":{"allow":["GET"]}}],"collection":[{"href":"https:\/\/aniali.fr\/lamaisonbleue\/wp-json\/wp\/v2\/pages"}],"about":[{"href":"https:\/\/aniali.fr\/lamaisonbleue\/wp-json\/wp\/v2\/types\/page"}],"author":[{"embeddable":true,"href":"https:\/\/aniali.fr\/lamaisonbleue\/wp-json\/wp\/v2\/users\/1"}],"replies":[{"embeddable":true,"href":"https:\/\/aniali.fr\/lamaisonbleue\/wp-json\/wp\/v2\/comments?post=15"}],"version-history":[{"count":11,"href":"https:\/\/aniali.fr\/lamaisonbleue\/wp-json\/wp\/v2\/pages\/15\/revisions"}],"predecessor-version":[{"id":397,"href":"https:\/\/aniali.fr\/lamaisonbleue\/wp-json\/wp\/v2\/pages\/15\/revisions\/397"}],"wp:featuredmedia":[{"embeddable":true,"href":"https:\/\/aniali.fr\/lamaisonbleue\/wp-json\/wp\/v2\/media\/78"}],"wp:attachment":[{"href":"https:\/\/aniali.fr\/lamaisonbleue\/wp-json\/wp\/v2\/media?parent=15"}],"curies":[{"name":"wp","href":"https:\/\/api.w.org\/{rel}","templated":true}]}}