{"id":16,"date":"2019-12-12T21:56:05","date_gmt":"2019-12-12T20:56:05","guid":{"rendered":"https:\/\/aniali.fr\/lamaisonbleue\/?page_id=16"},"modified":"2019-12-15T19:03:01","modified_gmt":"2019-12-15T18:03:01","slug":"contact","status":"publish","type":"page","link":"https:\/\/aniali.fr\/lamaisonbleue\/contact\/","title":{"rendered":"Contactez-nous !"},"content":{"rendered":"\n<div class=\"wp-block-media-text alignwide is-vertically-aligned-top\" style=\"grid-template-columns:15% auto\"><figure class=\"wp-block-media-text__media\"><img fetchpriority=\"high\" decoding=\"async\" width=\"684\" height=\"1024\" src=\"https:\/\/aniali.fr\/lamaisonbleue\/wp-content\/uploads\/2019\/12\/summer-time-PNADM2H-684x1024.jpg\" alt=\"\" class=\"wp-image-70\" srcset=\"https:\/\/aniali.fr\/lamaisonbleue\/wp-content\/uploads\/2019\/12\/summer-time-PNADM2H-684x1024.jpg 684w, https:\/\/aniali.fr\/lamaisonbleue\/wp-content\/uploads\/2019\/12\/summer-time-PNADM2H-200x300.jpg 200w, https:\/\/aniali.fr\/lamaisonbleue\/wp-content\/uploads\/2019\/12\/summer-time-PNADM2H-768x1151.jpg 768w, https:\/\/aniali.fr\/lamaisonbleue\/wp-content\/uploads\/2019\/12\/summer-time-PNADM2H-1025x1536.jpg 1025w, https:\/\/aniali.fr\/lamaisonbleue\/wp-content\/uploads\/2019\/12\/summer-time-PNADM2H-1367x2048.jpg 1367w, https:\/\/aniali.fr\/lamaisonbleue\/wp-content\/uploads\/2019\/12\/summer-time-PNADM2H-scaled.jpg 1709w\" sizes=\"(max-width: 684px) 100vw, 684px\" \/><\/figure><div class=\"wp-block-media-text__content\">\n<p style=\"font-size:19px\">Pour toute information, question ou pr\u00e9cision, n&rsquo;h\u00e9sitez pas \u00e0 nous contacter par mail, t\u00e9l\u00e9phone, ou whatsapp.<\/p>\n\n\n\n<p style=\"font-size:19px\">Ou bien encore au travers de ce formulaire de contact, nous vous recontacterons avec plaisir.<\/p>\n<\/div><\/div>\n\n\n\n\n<div class=\"wpcf7 no-js\" id=\"wpcf7-f128-o1\" lang=\"fr-FR\" dir=\"ltr\" data-wpcf7-id=\"128\">\n<div class=\"screen-reader-response\"><p role=\"status\" aria-live=\"polite\" aria-atomic=\"true\"><\/p> <ul><\/ul><\/div>\n<form action=\"\/lamaisonbleue\/wp-json\/wp\/v2\/pages\/16#wpcf7-f128-o1\" method=\"post\" class=\"wpcf7-form init\" aria-label=\"Formulaire de contact\" novalidate=\"novalidate\" data-status=\"init\">\n<fieldset class=\"hidden-fields-container\"><input type=\"hidden\" name=\"_wpcf7\" value=\"128\" \/><input type=\"hidden\" name=\"_wpcf7_version\" value=\"6.1.5\" \/><input type=\"hidden\" name=\"_wpcf7_locale\" value=\"fr_FR\" \/><input type=\"hidden\" name=\"_wpcf7_unit_tag\" value=\"wpcf7-f128-o1\" \/><input type=\"hidden\" name=\"_wpcf7_container_post\" value=\"0\" \/><input type=\"hidden\" name=\"_wpcf7_posted_data_hash\" value=\"\" \/>\n<\/fieldset>\n<p><label> Votre nom (obligatoire)<br \/>\n<span class=\"wpcf7-form-control-wrap\" data-name=\"your-name\"><input size=\"40\" maxlength=\"400\" class=\"wpcf7-form-control wpcf7-text wpcf7-validates-as-required\" aria-required=\"true\" aria-invalid=\"false\" value=\"\" type=\"text\" name=\"your-name\" \/><\/span> <\/label>\n<\/p>\n<p><label> Votre adresse de messagerie (obligatoire)<br \/>\n<span class=\"wpcf7-form-control-wrap\" data-name=\"your-email\"><input size=\"40\" maxlength=\"400\" class=\"wpcf7-form-control wpcf7-email wpcf7-validates-as-required wpcf7-text wpcf7-validates-as-email\" aria-required=\"true\" aria-invalid=\"false\" value=\"\" type=\"email\" name=\"your-email\" \/><\/span> <\/label>\n<\/p>\n<p><label> Objet<br \/>\n<span class=\"wpcf7-form-control-wrap\" data-name=\"your-subject\"><input size=\"40\" maxlength=\"400\" class=\"wpcf7-form-control wpcf7-text\" aria-invalid=\"false\" value=\"\" type=\"text\" name=\"your-subject\" \/><\/span> <\/label>\n<\/p>\n<p><label> Votre message<br \/>\n<span class=\"wpcf7-form-control-wrap\" data-name=\"your-message\"><textarea cols=\"40\" rows=\"10\" maxlength=\"2000\" class=\"wpcf7-form-control wpcf7-textarea\" aria-invalid=\"false\" name=\"your-message\"><\/textarea><\/span> <\/label>\n<\/p>\n<p><input class=\"wpcf7-form-control wpcf7-submit has-spinner\" type=\"submit\" value=\"Envoyer\" \/>\n<\/p><p style=\"display: none !important;\" class=\"akismet-fields-container\" data-prefix=\"_wpcf7_ak_\"><label>&#916;<textarea name=\"_wpcf7_ak_hp_textarea\" cols=\"45\" rows=\"8\" maxlength=\"100\"><\/textarea><\/label><input type=\"hidden\" id=\"ak_js_1\" name=\"_wpcf7_ak_js\" value=\"206\"\/><script>\ndocument.getElementById( \"ak_js_1\" ).setAttribute( \"value\", ( new Date() ).getTime() );\n<\/script>\n<\/p><div class=\"wpcf7-response-output\" aria-hidden=\"true\"><\/div>\n<\/form>\n<\/div>\n\n","protected":false},"excerpt":{"rendered":"<p>Pour toute information, question ou pr\u00e9cision, n&rsquo;h\u00e9sitez pas \u00e0 nous contacter par mail, t\u00e9l\u00e9phone, ou whatsapp. Ou bien encore au travers de ce formulaire de contact, nous vous recontacterons avec plaisir.<\/p>\n","protected":false},"author":1,"featured_media":73,"parent":0,"menu_order":0,"comment_status":"closed","ping_status":"closed","template":"","meta":{"footnotes":""},"class_list":["post-16","page","type-page","status-publish","has-post-thumbnail","hentry"],"jetpack_sharing_enabled":true,"_links":{"self":[{"href":"https:\/\/aniali.fr\/lamaisonbleue\/wp-json\/wp\/v2\/pages\/16","targetHints":{"allow":["GET"]}}],"collection":[{"href":"https:\/\/aniali.fr\/lamaisonbleue\/wp-json\/wp\/v2\/pages"}],"about":[{"href":"https:\/\/aniali.fr\/lamaisonbleue\/wp-json\/wp\/v2\/types\/page"}],"author":[{"embeddable":true,"href":"https:\/\/aniali.fr\/lamaisonbleue\/wp-json\/wp\/v2\/users\/1"}],"replies":[{"embeddable":true,"href":"https:\/\/aniali.fr\/lamaisonbleue\/wp-json\/wp\/v2\/comments?post=16"}],"version-history":[{"count":5,"href":"https:\/\/aniali.fr\/lamaisonbleue\/wp-json\/wp\/v2\/pages\/16\/revisions"}],"predecessor-version":[{"id":226,"href":"https:\/\/aniali.fr\/lamaisonbleue\/wp-json\/wp\/v2\/pages\/16\/revisions\/226"}],"wp:featuredmedia":[{"embeddable":true,"href":"https:\/\/aniali.fr\/lamaisonbleue\/wp-json\/wp\/v2\/media\/73"}],"wp:attachment":[{"href":"https:\/\/aniali.fr\/lamaisonbleue\/wp-json\/wp\/v2\/media?parent=16"}],"curies":[{"name":"wp","href":"https:\/\/api.w.org\/{rel}","templated":true}]}}